{"id":42704,"date":"2025-11-24T09:01:02","date_gmt":"2025-11-24T09:01:02","guid":{"rendered":"https:\/\/picci.biz\/?post_type=product&#038;p=42704"},"modified":"2026-03-24T09:29:46","modified_gmt":"2026-03-24T09:29:46","slug":"pantalone-12-36-m-cm-83-tog-2-2-fantasia-foglie","status":"publish","type":"product","link":"https:\/\/picci.biz\/index.php\/prodotto\/pantalone-12-36-m-cm-83-tog-2-2-fantasia-foglie\/","title":{"rendered":"Sacco notte invernale Pantalone in Bamboo 12-36 m (cm 83) TOG 2.2 &#8211; Fantasia foglie"},"content":{"rendered":"<p>Il sacco notte Pantalone di 83 cm interamente realizzato in tessuti organici e ovatta di bamboo, ideale per bambini da 12-36 mesi, ha un Tog 2.2 ed \u00e8 indicato per le stagioni autunnali e invernali con le idonee variazioni di abbigliamento.<br \/>\nParticolarmente comodo grazie al modello sagomato della gamba, consentir\u00e0 al bambino di muoversi in libert\u00e0 anche fuori dal lettino. \u00c8 presente una bordura in soffice jersey elasticizzato all\u2019altezza della caviglia per regolarne la misura.\u200b<\/p>\n<table id=\"product-attribute-specs-table\" class=\"data-table\">\n<tbody>\n<tr class=\"first odd\">\n<th class=\"label\">Collezione<\/th>\n<td class=\"data last\">Dili Best Natural<\/td>\n<\/tr>\n<tr class=\"even\">\n<th class=\"label\">Colori<\/th>\n<td class=\"data last\">Fantasia foglie<\/td>\n<\/tr>\n<tr class=\"even\">\n<th class=\"label\">Dimensioni<\/th>\n<td class=\"data last\">cm 83 (12-36 mesi)<\/td>\n<\/tr>\n<tr class=\"even\">\n<th class=\"label\">TOG<\/th>\n<td class=\"data last\">2.2<\/td>\n<\/tr>\n<tr class=\"last odd\">\n<th class=\"label\">Materiali<\/th>\n<td class=\"data last\">Fodera: Satin di bamboo<\/p>\n<p>Interno: Ovatta di bamboo<\/td>\n<\/tr>\n<\/tbody>\n<\/table>\n<p>&nbsp;<\/p>\n<div style=\"margin: 20px 0;\"><div class=\"qrcswholewtapper\" style=\"text-align:left;\"><div class=\"qrcprowrapper\"  id=\"qrcwraa2leds\"><div class=\"qrc_canvass\" id=\"qrc_cuttenpages_2\" style=\"display:inline-block\" data-text=\"https:\/\/picci.biz\/index.php\/prodotto\/pantalone-12-36-m-cm-83-tog-2-2-fantasia-foglie\/\"><\/div><\/div><\/div><\/div>","protected":false},"excerpt":{"rendered":"<p>Il sacco notte Pantalone di 83 cm interamente realizzato in tessuti organici e ovatta di bamboo, ideale per bambini da 12-36 mesi, ha un Tog 2.2 ed \u00e8 indicato per le stagioni autunnali e invernali con le idonee variazioni di abbigliamento. Particolarmente comodo grazie al modello sagomato della gamba, consentir\u00e0 al bambino di muoversi in&hellip;&nbsp;<\/p>\n","protected":false},"featured_media":42705,"template":"","meta":{"neve_meta_sidebar":"","neve_meta_container":"","neve_meta_enable_content_width":"off","neve_meta_content_width":100,"neve_meta_title_alignment":"","neve_meta_author_avatar":"","neve_post_elements_order":"","neve_meta_disable_header":"","neve_meta_disable_footer":"","neve_meta_disable_title":""},"product_brand":[],"product_cat":[132],"product_tag":[],"class_list":{"0":"post-42704","1":"product","2":"type-product","3":"status-publish","4":"has-post-thumbnail","6":"product_cat-sacchi-notte","8":"first","9":"instock","10":"taxable","11":"shipping-taxable","12":"product-type-simple"},"_links":{"self":[{"href":"https:\/\/picci.biz\/index.php\/wp-json\/wp\/v2\/product\/42704","targetHints":{"allow":["GET"]}}],"collection":[{"href":"https:\/\/picci.biz\/index.php\/wp-json\/wp\/v2\/product"}],"about":[{"href":"https:\/\/picci.biz\/index.php\/wp-json\/wp\/v2\/types\/product"}],"wp:featuredmedia":[{"embeddable":true,"href":"https:\/\/picci.biz\/index.php\/wp-json\/wp\/v2\/media\/42705"}],"wp:attachment":[{"href":"https:\/\/picci.biz\/index.php\/wp-json\/wp\/v2\/media?parent=42704"}],"wp:term":[{"taxonomy":"product_brand","embeddable":true,"href":"https:\/\/picci.biz\/index.php\/wp-json\/wp\/v2\/product_brand?post=42704"},{"taxonomy":"product_cat","embeddable":true,"href":"https:\/\/picci.biz\/index.php\/wp-json\/wp\/v2\/product_cat?post=42704"},{"taxonomy":"product_tag","embeddable":true,"href":"https:\/\/picci.biz\/index.php\/wp-json\/wp\/v2\/product_tag?post=42704"}],"curies":[{"name":"wp","href":"https:\/\/api.w.org\/{rel}","templated":true}]}}